{"id":105,"date":"2023-09-13T01:39:45","date_gmt":"2023-09-13T01:39:45","guid":{"rendered":"https:\/\/ecsapanama.com\/?page_id=105"},"modified":"2024-07-02T18:49:33","modified_gmt":"2024-07-02T18:49:33","slug":"formulario-de-contacto","status":"publish","type":"page","link":"https:\/\/ecsapanama.com\/?page_id=105","title":{"rendered":"Formulario de contacto"},"content":{"rendered":"<p>[et_pb_section fb_built=\u00bb1&#8243; admin_label=\u00bbHeader\u00bb _builder_version=\u00bb4.25.2&#8243; background_color=\u00bb#22272a\u00bb background_image=\u00bbhttps:\/\/ecsapanama.com\/wp-content\/uploads\/2023\/09\/1-0fe5c7df-23a1-4abc-b5b4-5e04f3280177-704&#215;480.jpg\u00bb parallax=\u00bbon\u00bb min_height=\u00bb506.8px\u00bb custom_margin=\u00bb-6px||1px||false|false\u00bb box_shadow_style=\u00bbpreset1&#8243; global_colors_info=\u00bb{}\u00bb][\/et_pb_section][et_pb_section fb_built=\u00bb1&#8243; custom_padding_last_edited=\u00bboff|desktop\u00bb admin_label=\u00bbContact\u00bb _builder_version=\u00bb4.16&#8243; custom_padding=\u00bb0px|||||\u00bb custom_padding_phone=\u00bb60px||60px||true|false\u00bb global_colors_info=\u00bb{}\u00bb][et_pb_row column_structure=\u00bb3_5,2_5&#8243; make_equal=\u00bbon\u00bb _builder_version=\u00bb4.25.2&#8243; background_enable_image=\u00bboff\u00bb width=\u00bb100%\u00bb max_width=\u00bb100%\u00bb custom_padding=\u00bb0px||0px||true|false\u00bb global_colors_info=\u00bb{}\u00bb][et_pb_column type=\u00bb3_5&#8243; _builder_version=\u00bb4.22.1&#8243; background_color=\u00bbrgba(0,0,0,0)\u00bb custom_padding=\u00bb100px|40px|100px|40px|true|true\u00bb custom_padding_tablet=\u00bb\u00bb custom_padding_phone=\u00bb60px||60px||true|false\u00bb custom_padding_last_edited=\u00bbon|desktop\u00bb global_colors_info=\u00bb{}\u00bb][et_pb_text _builder_version=\u00bb4.22.1&#8243; text_font_size=\u00bb22px\u00bb text_line_height=\u00bb2em\u00bb header_3_font=\u00bbMerriweather||||||||\u00bb header_3_font_size=\u00bb40px\u00bb header_3_line_height=\u00bb1.4em\u00bb text_orientation=\u00bbcenter\u00bb max_width=\u00bb800px\u00bb max_width_tablet=\u00bb600px\u00bb max_width_phone=\u00bb400px\u00bb max_width_last_edited=\u00bbon|phone\u00bb module_alignment=\u00bbcenter\u00bb header_3_font_size_tablet=\u00bb36px\u00bb header_3_font_size_phone=\u00bb24px\u00bb header_3_font_size_last_edited=\u00bbon|desktop\u00bb locked=\u00bboff\u00bb global_colors_info=\u00bb{}\u00bb]<\/p>\n<p><strong>Formulario de Contacto<\/strong><\/p>\n<p>[\/et_pb_text][et_pb_contact_form captcha=\u00bboff\u00bb email=\u00bbmodulos@badischool.com\u00bb custom_message=\u00bbMensaje enviado desde el formulario de contacto de la web:http:\/\/ecsapanama.com||et_pb_line_break_holder||\t||et_pb_line_break_holder||Nombre: %%Name%%||et_pb_line_break_holder||||et_pb_line_break_holder||Email: %%Email%%||et_pb_line_break_holder||||et_pb_line_break_holder||Tel\u00e9fono: %%Tel\u00e9f||et_pb_line_break_holder||||et_pb_line_break_holder||Mensaje: %%Message%%\u00bb success_message=\u00bbGracias por contactarnos \u00bb _builder_version=\u00bb4.25.2&#8243; form_field_background_color=\u00bbrgba(171,178,198,0.15)\u00bb form_field_font_size=\u00bb16px\u00bb form_field_line_height=\u00bb1.8em\u00bb custom_button=\u00bbon\u00bb button_text_size=\u00bb14px\u00bb button_text_color=\u00bb#ffffff\u00bb button_bg_color=\u00bb#ff6d29&#8243; button_border_radius=\u00bb0px\u00bb button_letter_spacing=\u00bb1px\u00bb button_font=\u00bb|700||on|||||\u00bb button_custom_padding=\u00bb16px|28px|16px|28px|true|true\u00bb global_colors_info=\u00bb{}\u00bb][et_pb_contact_field field_id=\u00bbNombre\u00bb field_title=\u00bbNombre\u00bb fullwidth_field=\u00bbon\u00bb _builder_version=\u00bb4.25.2&#8243; global_colors_info=\u00bb{}\u00bb button_text_size__hover_enabled=\u00bboff\u00bb button_one_text_size__hover_enabled=\u00bboff\u00bb button_two_text_size__hover_enabled=\u00bboff\u00bb button_text_color__hover_enabled=\u00bboff\u00bb button_one_text_color__hover_enabled=\u00bboff\u00bb button_two_text_color__hover_enabled=\u00bboff\u00bb button_border_width__hover_enabled=\u00bboff\u00bb button_one_border_width__hover_enabled=\u00bboff\u00bb button_two_border_width__hover_enabled=\u00bboff\u00bb button_border_color__hover_enabled=\u00bboff\u00bb button_one_border_color__hover_enabled=\u00bboff\u00bb button_two_border_color__hover_enabled=\u00bboff\u00bb button_border_radius__hover_enabled=\u00bboff\u00bb button_one_border_radius__hover_enabled=\u00bboff\u00bb button_two_border_radius__hover_enabled=\u00bboff\u00bb button_letter_spacing__hover_enabled=\u00bboff\u00bb button_one_letter_spacing__hover_enabled=\u00bboff\u00bb button_two_letter_spacing__hover_enabled=\u00bboff\u00bb button_bg_color__hover_enabled=\u00bboff\u00bb button_one_bg_color__hover_enabled=\u00bboff\u00bb button_two_bg_color__hover_enabled=\u00bboff\u00bb][\/et_pb_contact_field][et_pb_contact_field field_id=\u00bbEmail\u00bb field_title=\u00bbEmail Address\u00bb field_type=\u00bbemail\u00bb fullwidth_field=\u00bbon\u00bb _builder_version=\u00bb4.16&#8243; global_colors_info=\u00bb{}\u00bb button_text_size__hover_enabled=\u00bboff\u00bb button_one_text_size__hover_enabled=\u00bboff\u00bb button_two_text_size__hover_enabled=\u00bboff\u00bb button_text_color__hover_enabled=\u00bboff\u00bb button_one_text_color__hover_enabled=\u00bboff\u00bb button_two_text_color__hover_enabled=\u00bboff\u00bb button_border_width__hover_enabled=\u00bboff\u00bb button_one_border_width__hover_enabled=\u00bboff\u00bb button_two_border_width__hover_enabled=\u00bboff\u00bb button_border_color__hover_enabled=\u00bboff\u00bb button_one_border_color__hover_enabled=\u00bboff\u00bb button_two_border_color__hover_enabled=\u00bboff\u00bb button_border_radius__hover_enabled=\u00bboff\u00bb button_one_border_radius__hover_enabled=\u00bboff\u00bb button_two_border_radius__hover_enabled=\u00bboff\u00bb button_letter_spacing__hover_enabled=\u00bboff\u00bb button_one_letter_spacing__hover_enabled=\u00bboff\u00bb button_two_letter_spacing__hover_enabled=\u00bboff\u00bb button_bg_color__hover_enabled=\u00bboff\u00bb button_one_bg_color__hover_enabled=\u00bboff\u00bb button_two_bg_color__hover_enabled=\u00bboff\u00bb][\/et_pb_contact_field][et_pb_contact_field field_id=\u00bbTel\u00e9fono\u00bb field_title=\u00bbTel\u00e9fono\u00bb fullwidth_field=\u00bbon\u00bb _builder_version=\u00bb4.25.2&#8243; _module_preset=\u00bbdefault\u00bb global_colors_info=\u00bb{}\u00bb][\/et_pb_contact_field][et_pb_contact_field field_id=\u00bbMensaje\u00bb field_title=\u00bbMensaje\u00bb field_type=\u00bbtext\u00bb fullwidth_field=\u00bbon\u00bb _builder_version=\u00bb4.25.2&#8243; global_colors_info=\u00bb{}\u00bb button_text_size__hover_enabled=\u00bboff\u00bb button_one_text_size__hover_enabled=\u00bboff\u00bb button_two_text_size__hover_enabled=\u00bboff\u00bb button_text_color__hover_enabled=\u00bboff\u00bb button_one_text_color__hover_enabled=\u00bboff\u00bb button_two_text_color__hover_enabled=\u00bboff\u00bb button_border_width__hover_enabled=\u00bboff\u00bb button_one_border_width__hover_enabled=\u00bboff\u00bb button_two_border_width__hover_enabled=\u00bboff\u00bb button_border_color__hover_enabled=\u00bboff\u00bb button_one_border_color__hover_enabled=\u00bboff\u00bb button_two_border_color__hover_enabled=\u00bboff\u00bb button_border_radius__hover_enabled=\u00bboff\u00bb button_one_border_radius__hover_enabled=\u00bboff\u00bb button_two_border_radius__hover_enabled=\u00bboff\u00bb button_letter_spacing__hover_enabled=\u00bboff\u00bb button_one_letter_spacing__hover_enabled=\u00bboff\u00bb button_two_letter_spacing__hover_enabled=\u00bboff\u00bb button_bg_color__hover_enabled=\u00bboff\u00bb button_one_bg_color__hover_enabled=\u00bboff\u00bb button_two_bg_color__hover_enabled=\u00bboff\u00bb][\/et_pb_contact_field][\/et_pb_contact_form][\/et_pb_column][et_pb_column type=\u00bb2_5&#8243; _builder_version=\u00bb4.25.2&#8243; background_enable_color=\u00bboff\u00bb use_background_color_gradient=\u00bbon\u00bb background_color_gradient_stops=\u00bb#f8ea32 0%|rgba(253, 250, 209, 0.65) 13%|rgba(255,255,255,0.55) 60%\u00bb background_color_gradient_overlays_image=\u00bbon\u00bb background_color_gradient_start=\u00bb#ffce32&#8243; background_color_gradient_end=\u00bbrgba(255,255,255,0.55)\u00bb background_image=\u00bbhttps:\/\/ecsapanama.com\/wp-content\/uploads\/2024\/06\/cables1.jpg\u00bb custom_padding=\u00bb100px|40px|100px|40px|true|true\u00bb custom_padding_tablet=\u00bb\u00bb custom_padding_phone=\u00bb60px||60px||true|false\u00bb custom_padding_last_edited=\u00bbon|desktop\u00bb global_colors_info=\u00bb{}\u00bb][et_pb_text _builder_version=\u00bb4.25.2&#8243; text_text_color=\u00bb#22272a\u00bb text_font_size=\u00bb16px\u00bb text_line_height=\u00bb2em\u00bb header_3_font=\u00bbMerriweather||||||||\u00bb header_3_font_size=\u00bb40px\u00bb header_3_line_height=\u00bb1.4em\u00bb text_orientation=\u00bbcenter\u00bb max_width=\u00bb800px\u00bb max_width_tablet=\u00bb600px\u00bb max_width_phone=\u00bb400px\u00bb max_width_last_edited=\u00bbon|phone\u00bb module_alignment=\u00bbcenter\u00bb header_3_font_size_tablet=\u00bb36px\u00bb header_3_font_size_phone=\u00bb24px\u00bb header_3_font_size_last_edited=\u00bbon|desktop\u00bb box_shadow_style=\u00bbpreset1&#8243; box_shadow_horizontal=\u00bb3px\u00bb box_shadow_vertical=\u00bb9px\u00bb box_shadow_blur=\u00bb51px\u00bb box_shadow_spread=\u00bb26px\u00bb locked=\u00bboff\u00bb global_colors_info=\u00bb{}\u00bb]<\/p>\n<h3><span class=\"x193iq5w xeuugli x13faqbe x1vvkbs x1xmvt09 x1lliihq x1s928wv xhkezso x1gmr53x x1cpjm7i x1fgarty x1943h6x xudqn12 x3x7a5m x6prxxf xvq8zen xo1l8bm xzsf02u x1yc453h\" dir=\"auto\">\u00bfNecesitas asistencia<\/span>?<\/h3>\n<p><strong>Por favor, complete el siguiente formulario para ponerse en contacto con nosotros y discutir sus necesidades de remodelaci\u00f3n de estructuras. Estamos aqu\u00ed para ayudarle a transformar y mejorar sus espacios de manera eficiente y profesional.<\/strong><\/p>\n<p>[\/et_pb_text][\/et_pb_column][\/et_pb_row][\/et_pb_section][et_pb_section fb_built=\u00bb1&#8243; admin_label=\u00bbFooter\u00bb _builder_version=\u00bb4.16&#8243; global_colors_info=\u00bb{}\u00bb][et_pb_row _builder_version=\u00bb4.22.1&#8243; _module_preset=\u00bbdefault\u00bb global_colors_info=\u00bb{}\u00bb][et_pb_column type=\u00bb4_4&#8243; _builder_version=\u00bb4.22.1&#8243; _module_preset=\u00bbdefault\u00bb global_colors_info=\u00bb{}\u00bb][et_pb_text _builder_version=\u00bb4.25.2&#8243; _module_preset=\u00bbdefault\u00bb hover_enabled=\u00bb0&#8243; global_colors_info=\u00bb{}\u00bb sticky_enabled=\u00bb0&#8243;]<\/p>\n<h3><strong>Direcci\u00f3n Oficina Virtual: San Francisco, Calle 50 torre BMW, piso 10, 10-1084 Ciudad de Panam\u00e1.<\/strong><\/h3>\n<h4 class=\"LC20lb MBeuO DKV0Md\"><strong>N\u00famero de tel\u00e9fono:\u00a0 +507 3107768<\/strong><\/h4>\n<p><strong>Correos:\u00a0 <a href=\"mailto:Info@ecsapanama.com\">Info@ecsapanama.com\u00a0<\/a><\/strong><strong>\u00a0\u00a0\u00a0 <a href=\"mailto:Gerenteop@ecsapanama.com\">Gerenteop@ecsapanama.com<\/a><\/strong><strong><a href=\"mailto:Compras@ecsapanama.com\">\u00a0\u00a0 \u00a0 Compras@ecsapanama.com<\/a><\/strong><\/p>\n<p><strong><\/strong><\/p>\n<p>[\/et_pb_text][et_pb_map address=\u00bbC. 50, Panam\u00e1, Provincia de Panam\u00e1, Panam\u00e1\u00bb address_lat=\u00bb8.9932511956906&#8243; address_lng=\u00bb-79.501425479525&#8243; _builder_version=\u00bb4.25.2&#8243; _module_preset=\u00bbdefault\u00bb global_colors_info=\u00bb{}\u00bb][et_pb_map_pin pin_address=\u00bbCalle 50, BMW Plaza, Panam\u00e1, Provincia de Panam\u00e1, Panam\u00e1\u00bb zoom_level=\u00bb17&#8243; pin_address_lat=\u00bb8.9933165183289&#8243; pin_address_lng=\u00bb-79.501562990646&#8243; _builder_version=\u00bb4.25.2&#8243; _module_preset=\u00bbdefault\u00bb global_colors_info=\u00bb{}\u00bb][\/et_pb_map_pin][\/et_pb_map][\/et_pb_column][\/et_pb_row][\/et_pb_section]<\/p>\n","protected":false},"excerpt":{"rendered":"<p>Formulario de Contacto\u00bfNecesitas asistencia? Por favor, complete el siguiente formulario para ponerse en contacto con nosotros y discutir sus necesidades de remodelaci\u00f3n de estructuras. Estamos aqu\u00ed para ayudarle a transformar y mejorar sus espacios de manera eficiente y profesional.Direcci\u00f3n Oficina Virtual: San Francisco, Calle 50 torre BMW, piso 10, 10-1084 Ciudad de Panam\u00e1. N\u00famero de [&hellip;]<\/p>\n","protected":false},"author":1,"featured_media":0,"parent":0,"menu_order":0,"comment_status":"closed","ping_status":"closed","template":"","meta":{"_et_pb_use_builder":"on","_et_pb_old_content":"","_et_gb_content_width":"","footnotes":""},"class_list":["post-105","page","type-page","status-publish","hentry"],"_links":{"self":[{"href":"https:\/\/ecsapanama.com\/index.php?rest_route=\/wp\/v2\/pages\/105","targetHints":{"allow":["GET"]}}],"collection":[{"href":"https:\/\/ecsapanama.com\/index.php?rest_route=\/wp\/v2\/pages"}],"about":[{"href":"https:\/\/ecsapanama.com\/index.php?rest_route=\/wp\/v2\/types\/page"}],"author":[{"embeddable":true,"href":"https:\/\/ecsapanama.com\/index.php?rest_route=\/wp\/v2\/users\/1"}],"replies":[{"embeddable":true,"href":"https:\/\/ecsapanama.com\/index.php?rest_route=%2Fwp%2Fv2%2Fcomments&post=105"}],"version-history":[{"count":5,"href":"https:\/\/ecsapanama.com\/index.php?rest_route=\/wp\/v2\/pages\/105\/revisions"}],"predecessor-version":[{"id":584,"href":"https:\/\/ecsapanama.com\/index.php?rest_route=\/wp\/v2\/pages\/105\/revisions\/584"}],"wp:attachment":[{"href":"https:\/\/ecsapanama.com\/index.php?rest_route=%2Fwp%2Fv2%2Fmedia&parent=105"}],"curies":[{"name":"wp","href":"https:\/\/api.w.org\/{rel}","templated":true}]}}